{"id":27913,"date":"2023-06-22T09:26:52","date_gmt":"2023-06-22T07:26:52","guid":{"rendered":"https:\/\/imascience.com\/?page_id=27913"},"modified":"2023-06-22T09:26:52","modified_gmt":"2023-06-22T07:26:52","slug":"legal-notice","status":"publish","type":"page","link":"https:\/\/imascience.com\/en\/legal-notice\/","title":{"rendered":"Legal Notice"},"content":{"rendered":"<div class=\"wpb-content-wrapper\"><p>[vc_section bklyn_section_anchor_id=&#8221;About&#8221; el_name=&#8221;Service Section&#8221;][vc_row][vc_column][vc_column_text]<\/p>\n<h2 style=\"text-align: center;\">Legal notice<\/h2>\n<p>[\/vc_column_text][\/vc_column][\/vc_row][vc_row][vc_column][vc_column_text]<\/p>\n<h3>Legal Notice<\/h3>\n<h4>The present document constitutes the general terms of use (the &#8220;GTU&#8221;) of our website accessible at www.comparlimage.com (hereafter, the &#8220;Site&#8221;).<\/h4>\n<p>The IMASCIENCE.COM Site is the property of the company COM PAR L\u2019IMAGE. It is made available to you for informational purposes.<\/p>\n<p>By visiting our site, you accept these GTU and acknowledge that you have read our Personal Data Protection Policy available HERE.<\/p>\n<h3>About the Site<\/h3>\n<p>The IMASCIENCE.COM site is edited by the company COM PAR L\u2019IMAGE.<\/p>\n<p>The brand IMASCIENCE\u00ae is a trademark registered by Christophe Martin, CEO of COM PAR L&#8217;IMAGE.<\/p>\n<p>Publication Director: Christophe Martin.<\/p>\n<h3>Site Editor<\/h3>\n<p>COM PAR L\u2019IMAGE<\/p>\n<p>Siret 75080946900026<\/p>\n<h3>Hosting<\/h3>\n<p>OVH<br \/>\nSAS with a capital of \u20ac10,069,020<br \/>\nRCS Lille Metropole 424 761 419 00045<br \/>\nAPE code 2620Z<br \/>\nVAT No.: FR 22 424 761 419<br \/>\nHead office: 2 rue Kellermann &#8211; 59100 Roubaix &#8211; France<\/p>\n<h3>How to contact us<\/h3>\n<p>You can contact us:<\/p>\n<p>By email: cmartin@comparlimage.com<\/p>\n<p>By mail:<\/p>\n<p>COM PAR L\u2019IMAGE<\/p>\n<p>5, Grande Rue<\/p>\n<p>44520 Grand-Auvern\u00e9<\/p>\n<p>On the site:<br \/>\nVia the contact section of the website imascience.com<\/p>\n<h3>Limitation of Liability<\/h3>\n<p>The information contained on the Site is as accurate as possible and the Site is periodically updated, but may still contain inaccuracies, omissions, or gaps. If you notice a gap, error, or what appears to be a malfunction, please report it by email to cmartin@comparlimage.com, describing the problem as precisely as possible (problem page, triggering action, type of computer and browser used, etc.).<\/p>\n<p>Any content downloaded is at the user&#8217;s own risk and under their sole responsibility. Consequently, COM PAR L\u2019IMAGE cannot be held responsible for any damage to the user&#8217;s computer or any loss of data resulting from downloading.<\/p>\n<p>The photos are not contractual.<\/p>\n<p>The hypertext links set up within the framework of this website leading to other resources present on the Internet cannot engage the responsibility of COM PAR L\u2019IMAGE.<\/p>\n<p>Disputes<\/p>\n<p>These conditions are governed by French laws and any dispute or litigation that could arise from the interpretation or execution of these will be the exclusive jurisdiction of the courts on which the head office of the company COM PAR L\u2019IMAGE depends. The reference language for the settlement of any disputes is French.<\/p>\n<h3>Copyrights and trademark rights<\/h3>\n<p>All content of this site, including, but not limited to, graphics, images, texts, videos, animations, sounds, logos, gifs, and icons as well as their formatting are the exclusive property of the company COM PAR L\u2019IMAGE, except for brands, logos, or content belonging to other partner companies or authors.<\/p>\n<p>Any reproduction, distribution, modification, adaptation, retransmission or publication, even partial, of these various elements is strictly prohibited without the express written agreement of COM PAR L\u2019IMAGE. This representation or reproduction, by any process whatsoever, constitutes an infringement punishable by articles L.3335-2 and following of the Intellectual Property Code. Non-compliance with this prohibition constitutes an infringement that could incur the civil and criminal liability of the infringer. Furthermore, the owners of the copied Contents could bring legal action against you.<\/p>\n<p>COM PAR L\u2019IMAGE is also the owner of the &#8220;rights of database producers&#8221; referred to in Book III, Title IV, of the Intellectual Property Code (Law No. 98-536 of July 1, 1998) relating to copyright and databases.<\/p>\n<p>Any creation of links to the Site, any framing of the Site, and more generally any use of a component of the Site, is subject to the prior authorization of COM PAR L\u2019IMAGE, which can be revoked at any time at its sole discretion. We reserve the right to (i) request the removal of any link to the Site that has not been, or is no longer, authorized and to (ii) request damages and interest in compensation for the damage suffered as a result.<\/p>\n<p>For any authorization or information request, please contact us by email<br \/>\nSpecific conditions are provided for the press.<\/p>\n<h3>Information and exclusion<\/h3>\n<p>COM PAR L\u2019IMAGE implements all means at its disposal to ensure reliable information and a reliable update of the Site. However, errors or omissions may occur. The user must therefore ensure the accuracy of the information with COM PAR L\u2019IMAGE and report any changes to the site that they deem useful. COM PAR L\u2019IMAGE is in no way responsible for the use made of this information and any direct or indirect damage that may result from it.<\/p>\n<h3>Hypertext links<\/h3>\n<p>The site may offer links to other websites or other resources available on the Internet.<br \/>\nCOM PAR L\u2019IMAGE has no means to control sites connected with its websites. COM PAR L\u2019IMAGE is not responsible for the availability of such sites and external sources, nor does it guarantee it. It cannot be held responsible for any damage, of any kind, resulting from the content of these sites or external sources, and in particular the information, products, or services they offer, or any use that can be made of these elements. The risks related to this use fall fully on the Internet user, who must comply with their conditions of use.<\/p>\n<h3>Personal data<\/h3>\n<p>The information provided by the user during their use of the Site, as well as the technical information collected by the host, may constitute personal data. The collection and processing of these personal data are governed by our personal data protection policy available HERE, which is an integral part of these GTU.<\/p>\n<p>By using the Site, the user consents that we may collect personal data about them in order to improve and optimize the quality of the site, inform them about our services and our news, and conduct statistical studies and analyses.<\/p>\n<p>The user is invited to consult our personal data protection policy available HERE, which describes how COM PAR L\u2019IMAGE as the data controller collects, uses, protects, and shares the personal data of its contacts, as well as the rights users have in relation to their personal data.<\/p>\n<p>The user is informed and expressly acknowledges that there are inherent security, privacy, and privacy risks associated with using the Site. They assume full responsibility in this regard and agree that we do not provide any assurance or guarantee regarding such risks.<\/p>\n<h3>Cookies<\/h3>\n<p>The use of the Site may occasionally generate &#8220;trace files&#8221; during its use, i.e., small text files that can be recorded in a dedicated space on the hard drive of your terminal (computer, smartphone, tablet, etc.), and which can be used by websites for a better user experience, with the exception of all data relating to the content of the exchanged correspondence or the consulted information.<\/p>\n<p>The use of the Site is not completely anonymous. In accordance with Decree No. 2006-358 of March 24, 2006 relating to the conservation of electronic communication data, traffic data must be kept for one (1) year from the day of their registration. Furthermore, in the context of a legal procedure, these files must be made available to justice &#8220;for the needs of the research, establishment, and prosecution of criminal offenses&#8221;. An extract of these files will then be coupled with the extract from the database of the concerned users.<\/p>\n<p>The user is invited to consult our cookie notice available HERE to learn more about these trace files and their settings.<\/p>\n<h3>Recommended configuration<\/h3>\n<p>Browsers<\/p>\n<p>For optimal browsing, we recommend using:<\/p>\n<p>&nbsp;<\/p>\n<p>Mozilla Firefox (PC &amp; Mac) or Internet Explorer 8 minimum (PC) or Safari (Mac) or Chrome<\/p>\n<h3>Screen Configuration<\/h3>\n<p>Prefer a screen set in thousands of colors, with a minimum resolution of 1024\u00d7768 pixels.[\/vc_column_text][\/vc_column][\/vc_row][\/vc_section]<\/p>\n<\/div>","protected":false},"excerpt":{"rendered":"<p>[vc_section bklyn_section_anchor_id=&#8221;About&#8221; el_name=&#8221;Service Section&#8221;][vc_row][vc_column][vc_column_text] Legal notice [\/vc_column_text][\/vc_column][\/vc_row][vc_row][vc_column][vc_column_text] Legal Notice The present document constitutes the general terms of use (the &#8220;GTU&#8221;) of our website accessible at www.comparlimage.com (hereafter, the &#8220;Site&#8221;). The IMASCIENCE.COM Site is the property of the company COM PAR L\u2019IMAGE. It is made available to you for informational purposes. By visiting our site, you [&hellip;]<\/p>\n","protected":false},"author":2,"featured_media":0,"parent":0,"menu_order":0,"comment_status":"closed","ping_status":"closed","template":"","meta":{"inline_featured_image":false,"footnotes":""},"class_list":["post-27913","page","type-page","status-publish","hentry"],"yoast_head":"<!-- This site is optimized with the Yoast SEO plugin v27.4 - https:\/\/yoast.com\/product\/yoast-seo-wordpress\/ -->\n<title>Animations scientifiques-Studio d\u2019animation 3D ou 2D<\/title>\n<meta name=\"description\" content=\"Animation 3D scientifique et didactique, Motion Design, g\u00e9n\u00e9riques vid\u00e9o. Certainement l&#039;une des fa\u00e7ons les plus appropri\u00e9es pour soutenir la science\" \/>\n<meta name=\"robots\" content=\"index, follow, max-snippet:-1, max-image-preview:large, max-video-preview:-1\" \/>\n<link rel=\"canonical\" href=\"https:\/\/imascience.com\/en\/legal-notice\/\" \/>\n<meta property=\"og:locale\" content=\"en_US\" \/>\n<meta property=\"og:type\" content=\"article\" \/>\n<meta property=\"og:title\" content=\"Animations scientifiques-Studio d\u2019animation 3D ou 2D\" \/>\n<meta property=\"og:description\" content=\"Animation 3D scientifique et didactique, Motion Design, g\u00e9n\u00e9riques vid\u00e9o. Certainement l&#039;une des fa\u00e7ons les plus appropri\u00e9es pour soutenir la science\" \/>\n<meta property=\"og:url\" content=\"https:\/\/imascience.com\/en\/legal-notice\/\" \/>\n<meta property=\"og:site_name\" content=\"Imascience\" \/>\n<meta name=\"twitter:card\" content=\"summary_large_image\" \/>\n<meta name=\"twitter:label1\" content=\"Est. reading time\" \/>\n\t<meta name=\"twitter:data1\" content=\"7 minutes\" \/>\n<script type=\"application\/ld+json\" class=\"yoast-schema-graph\">{\"@context\":\"https:\\\/\\\/schema.org\",\"@graph\":[{\"@type\":\"WebPage\",\"@id\":\"https:\\\/\\\/imascience.com\\\/en\\\/legal-notice\\\/\",\"url\":\"https:\\\/\\\/imascience.com\\\/en\\\/legal-notice\\\/\",\"name\":\"Animations scientifiques-Studio d\u2019animation 3D ou 2D\",\"isPartOf\":{\"@id\":\"https:\\\/\\\/imascience.com\\\/#website\"},\"datePublished\":\"2023-06-22T07:26:52+00:00\",\"description\":\"Animation 3D scientifique et didactique, Motion Design, g\u00e9n\u00e9riques vid\u00e9o. Certainement l'une des fa\u00e7ons les plus appropri\u00e9es pour soutenir la science\",\"breadcrumb\":{\"@id\":\"https:\\\/\\\/imascience.com\\\/en\\\/legal-notice\\\/#breadcrumb\"},\"inLanguage\":\"en-US\",\"potentialAction\":[{\"@type\":\"ReadAction\",\"target\":[\"https:\\\/\\\/imascience.com\\\/en\\\/legal-notice\\\/\"]}]},{\"@type\":\"BreadcrumbList\",\"@id\":\"https:\\\/\\\/imascience.com\\\/en\\\/legal-notice\\\/#breadcrumb\",\"itemListElement\":[{\"@type\":\"ListItem\",\"position\":1,\"name\":\"Accueil\",\"item\":\"https:\\\/\\\/imascience.com\\\/en\\\/\"},{\"@type\":\"ListItem\",\"position\":2,\"name\":\"Legal Notice\"}]},{\"@type\":\"WebSite\",\"@id\":\"https:\\\/\\\/imascience.com\\\/#website\",\"url\":\"https:\\\/\\\/imascience.com\\\/\",\"name\":\"Imascience\",\"description\":\"Vulgarisation scientifique\",\"publisher\":{\"@id\":\"https:\\\/\\\/imascience.com\\\/#organization\"},\"potentialAction\":[{\"@type\":\"SearchAction\",\"target\":{\"@type\":\"EntryPoint\",\"urlTemplate\":\"https:\\\/\\\/imascience.com\\\/?s={search_term_string}\"},\"query-input\":{\"@type\":\"PropertyValueSpecification\",\"valueRequired\":true,\"valueName\":\"search_term_string\"}}],\"inLanguage\":\"en-US\"},{\"@type\":\"Organization\",\"@id\":\"https:\\\/\\\/imascience.com\\\/#organization\",\"name\":\"Imascience\",\"url\":\"https:\\\/\\\/imascience.com\\\/\",\"logo\":{\"@type\":\"ImageObject\",\"inLanguage\":\"en-US\",\"@id\":\"https:\\\/\\\/imascience.com\\\/#\\\/schema\\\/logo\\\/image\\\/\",\"url\":\"https:\\\/\\\/imascience.com\\\/wp-content\\\/uploads\\\/2023\\\/06\\\/logo-orange504.png\",\"contentUrl\":\"https:\\\/\\\/imascience.com\\\/wp-content\\\/uploads\\\/2023\\\/06\\\/logo-orange504.png\",\"width\":504,\"height\":83,\"caption\":\"Imascience\"},\"image\":{\"@id\":\"https:\\\/\\\/imascience.com\\\/#\\\/schema\\\/logo\\\/image\\\/\"},\"sameAs\":[\"https:\\\/\\\/www.linkedin.com\\\/company\\\/imascience\"]}]}<\/script>\n<!-- \/ Yoast SEO plugin. -->","yoast_head_json":{"title":"Animations scientifiques-Studio d\u2019animation 3D ou 2D","description":"Animation 3D scientifique et didactique, Motion Design, g\u00e9n\u00e9riques vid\u00e9o. Certainement l'une des fa\u00e7ons les plus appropri\u00e9es pour soutenir la science","robots":{"index":"index","follow":"follow","max-snippet":"max-snippet:-1","max-image-preview":"max-image-preview:large","max-video-preview":"max-video-preview:-1"},"canonical":"https:\/\/imascience.com\/en\/legal-notice\/","og_locale":"en_US","og_type":"article","og_title":"Animations scientifiques-Studio d\u2019animation 3D ou 2D","og_description":"Animation 3D scientifique et didactique, Motion Design, g\u00e9n\u00e9riques vid\u00e9o. Certainement l'une des fa\u00e7ons les plus appropri\u00e9es pour soutenir la science","og_url":"https:\/\/imascience.com\/en\/legal-notice\/","og_site_name":"Imascience","twitter_card":"summary_large_image","twitter_misc":{"Est. reading time":"7 minutes"},"schema":{"@context":"https:\/\/schema.org","@graph":[{"@type":"WebPage","@id":"https:\/\/imascience.com\/en\/legal-notice\/","url":"https:\/\/imascience.com\/en\/legal-notice\/","name":"Animations scientifiques-Studio d\u2019animation 3D ou 2D","isPartOf":{"@id":"https:\/\/imascience.com\/#website"},"datePublished":"2023-06-22T07:26:52+00:00","description":"Animation 3D scientifique et didactique, Motion Design, g\u00e9n\u00e9riques vid\u00e9o. Certainement l'une des fa\u00e7ons les plus appropri\u00e9es pour soutenir la science","breadcrumb":{"@id":"https:\/\/imascience.com\/en\/legal-notice\/#breadcrumb"},"inLanguage":"en-US","potentialAction":[{"@type":"ReadAction","target":["https:\/\/imascience.com\/en\/legal-notice\/"]}]},{"@type":"BreadcrumbList","@id":"https:\/\/imascience.com\/en\/legal-notice\/#breadcrumb","itemListElement":[{"@type":"ListItem","position":1,"name":"Accueil","item":"https:\/\/imascience.com\/en\/"},{"@type":"ListItem","position":2,"name":"Legal Notice"}]},{"@type":"WebSite","@id":"https:\/\/imascience.com\/#website","url":"https:\/\/imascience.com\/","name":"Imascience","description":"Vulgarisation scientifique","publisher":{"@id":"https:\/\/imascience.com\/#organization"},"potentialAction":[{"@type":"SearchAction","target":{"@type":"EntryPoint","urlTemplate":"https:\/\/imascience.com\/?s={search_term_string}"},"query-input":{"@type":"PropertyValueSpecification","valueRequired":true,"valueName":"search_term_string"}}],"inLanguage":"en-US"},{"@type":"Organization","@id":"https:\/\/imascience.com\/#organization","name":"Imascience","url":"https:\/\/imascience.com\/","logo":{"@type":"ImageObject","inLanguage":"en-US","@id":"https:\/\/imascience.com\/#\/schema\/logo\/image\/","url":"https:\/\/imascience.com\/wp-content\/uploads\/2023\/06\/logo-orange504.png","contentUrl":"https:\/\/imascience.com\/wp-content\/uploads\/2023\/06\/logo-orange504.png","width":504,"height":83,"caption":"Imascience"},"image":{"@id":"https:\/\/imascience.com\/#\/schema\/logo\/image\/"},"sameAs":["https:\/\/www.linkedin.com\/company\/imascience"]}]}},"_links":{"self":[{"href":"https:\/\/imascience.com\/en\/wp-json\/wp\/v2\/pages\/27913","targetHints":{"allow":["GET"]}}],"collection":[{"href":"https:\/\/imascience.com\/en\/wp-json\/wp\/v2\/pages"}],"about":[{"href":"https:\/\/imascience.com\/en\/wp-json\/wp\/v2\/types\/page"}],"author":[{"embeddable":true,"href":"https:\/\/imascience.com\/en\/wp-json\/wp\/v2\/users\/2"}],"replies":[{"embeddable":true,"href":"https:\/\/imascience.com\/en\/wp-json\/wp\/v2\/comments?post=27913"}],"version-history":[{"count":1,"href":"https:\/\/imascience.com\/en\/wp-json\/wp\/v2\/pages\/27913\/revisions"}],"predecessor-version":[{"id":27914,"href":"https:\/\/imascience.com\/en\/wp-json\/wp\/v2\/pages\/27913\/revisions\/27914"}],"wp:attachment":[{"href":"https:\/\/imascience.com\/en\/wp-json\/wp\/v2\/media?parent=27913"}],"curies":[{"name":"wp","href":"https:\/\/api.w.org\/{rel}","templated":true}]}}