{"id":27917,"date":"2023-06-22T10:47:51","date_gmt":"2023-06-22T08:47:51","guid":{"rendered":"https:\/\/imascience.com\/?page_id=27917"},"modified":"2023-06-22T10:47:51","modified_gmt":"2023-06-22T08:47:51","slug":"site-map","status":"publish","type":"page","link":"https:\/\/imascience.com\/en\/site-map\/","title":{"rendered":"Site map"},"content":{"rendered":"<div class=\"wpb-content-wrapper\"><p>[vc_section bklyn_section_anchor_id=&#8221;About&#8221; el_name=&#8221;Service Section&#8221;][vc_row][vc_column][vc_column_text]<\/p>\n<h2 style=\"text-align: center;\">Site map<\/h2>\n<p>[\/vc_column_text][\/vc_column][\/vc_row][vc_row][vc_column][vc_column_text]<div class=\"wsp-container\"><h2 class=\"wsp-pages-title\">Pages<\/h2>\n<ul class=\"wsp-pages-list\">\n<li class=\"page_item page-item-27705 page_item_has_children\"><a href=\"https:\/\/imascience.com\/en\/3d-animation-studio\/\">3D animation studio<\/a>\n<ul class='children'>\n\t<li class=\"page_item page-item-27613\"><a href=\"https:\/\/imascience.com\/en\/3d-animation-studio\/medical-research-3d-animations\/\">Medical research 3D animations<\/a><\/li>\n<\/ul>\n<\/li>\n<li class=\"page_item page-item-27553\"><a href=\"https:\/\/imascience.com\/en\/a-propos\/\">About us<\/a><\/li>\n<li class=\"page_item page-item-27760\"><a href=\"https:\/\/imascience.com\/en\/blog\/\">Blog<\/a><\/li>\n<li class=\"page_item page-item-27718\"><a href=\"https:\/\/imascience.com\/en\/contact\/\">Contact<\/a><\/li>\n<li class=\"page_item page-item-27757\"><a href=\"https:\/\/imascience.com\/en\/education\/\">Education<\/a><\/li>\n<li class=\"page_item page-item-27459\"><a href=\"https:\/\/imascience.com\/en\/\">Home<\/a><\/li>\n<li class=\"page_item page-item-27619\"><a href=\"https:\/\/imascience.com\/en\/3d-animations-industry-gallery\/\">Industrial 3D animation Gallery<\/a><\/li>\n<li class=\"page_item page-item-27745\"><a href=\"https:\/\/imascience.com\/en\/industry\/\">Industry<\/a><\/li>\n<li class=\"page_item page-item-27913\"><a href=\"https:\/\/imascience.com\/en\/legal-notice\/\">Legal Notice<\/a><\/li>\n<li class=\"page_item page-item-27709 page_item_has_children\"><a href=\"https:\/\/imascience.com\/en\/mobile-application-developer\/\">Mobile application developer<\/a>\n<ul class='children'>\n\t<li class=\"page_item page-item-27648\"><a href=\"https:\/\/imascience.com\/en\/mobile-application-developer\/mobile-applications-gallery\/\">Mobile Applications Gallery<\/a><\/li>\n<\/ul>\n<\/li>\n<li class=\"page_item page-item-27754\"><a href=\"https:\/\/imascience.com\/en\/museography\/\">Museography<\/a><\/li>\n<li class=\"page_item page-item-27748\"><a href=\"https:\/\/imascience.com\/en\/pharmaco-medical\/\">Pharmaco-Medical<\/a><\/li>\n<li class=\"page_item page-item-27910\"><a href=\"https:\/\/imascience.com\/en\/privacy-policy\/\">Privacy Policy<\/a><\/li>\n<li class=\"page_item page-item-27741\"><a href=\"https:\/\/imascience.com\/en\/remerciement-envoi-message-en\/\">Remerciement envoi message EN<\/a><\/li>\n<li class=\"page_item page-item-27751\"><a href=\"https:\/\/imascience.com\/en\/research\/\">Research<\/a><\/li>\n<li class=\"page_item page-item-27665 page_item_has_children\"><a href=\"https:\/\/imascience.com\/en\/scientific-illustration\/\">Scientific illustrator<\/a>\n<ul class='children'>\n\t<li class=\"page_item page-item-27606 page_item_has_children\"><a href=\"https:\/\/imascience.com\/en\/scientific-illustration\/illustration-gallery\/\">Illustration gallery<\/a>\n\t<ul class='children'>\n\t\t<li class=\"page_item page-item-27863\"><a href=\"https:\/\/imascience.com\/en\/scientific-illustration\/illustration-gallery\/actuality\/\">ACTUALITY<\/a><\/li>\n\t\t<li class=\"page_item page-item-27890\"><a href=\"https:\/\/imascience.com\/en\/scientific-illustration\/illustration-gallery\/advertisement\/\">ADVERTISEMENT<\/a><\/li>\n\t\t<li class=\"page_item page-item-27868\"><a href=\"https:\/\/imascience.com\/en\/scientific-illustration\/illustration-gallery\/animals\/\">ANIMALS<\/a><\/li>\n\t\t<li class=\"page_item page-item-27871\"><a href=\"https:\/\/imascience.com\/en\/scientific-illustration\/illustration-gallery\/archeology\/\">ARCHEOLOGY<\/a><\/li>\n\t\t<li class=\"page_item page-item-27874\"><a href=\"https:\/\/imascience.com\/en\/scientific-illustration\/illustration-gallery\/architecture\/\">ARCHITECTURE<\/a><\/li>\n\t\t<li class=\"page_item page-item-27882\"><a href=\"https:\/\/imascience.com\/en\/scientific-illustration\/illustration-gallery\/biology-illustrator\/\">BIOLOGY ILLUSTRATOR<\/a><\/li>\n\t\t<li class=\"page_item page-item-27876\"><a href=\"https:\/\/imascience.com\/en\/scientific-illustration\/illustration-gallery\/cartography\/\">CARTOGRAPHY<\/a><\/li>\n\t\t<li class=\"page_item page-item-27878\"><a href=\"https:\/\/imascience.com\/en\/scientific-illustration\/illustration-gallery\/ecology\/\">ECOLOGY<\/a><\/li>\n\t\t<li class=\"page_item page-item-27886\"><a href=\"https:\/\/imascience.com\/en\/scientific-illustration\/illustration-gallery\/industry\/\">INDUSTRY<\/a><\/li>\n\t\t<li class=\"page_item page-item-27884\"><a href=\"https:\/\/imascience.com\/en\/scientific-illustration\/illustration-gallery\/medical-illustrator\/\">MEDICAL ILLUSTRATOR<\/a><\/li>\n\t\t<li class=\"page_item page-item-27888\"><a href=\"https:\/\/imascience.com\/en\/scientific-illustration\/illustration-gallery\/physics\/\">PHYSICS<\/a><\/li>\n\t\t<li class=\"page_item page-item-27880\"><a href=\"https:\/\/imascience.com\/en\/scientific-illustration\/illustration-gallery\/space\/\">SPACE<\/a><\/li>\n\t\t<li class=\"page_item page-item-27892\"><a href=\"https:\/\/imascience.com\/en\/scientific-illustration\/illustration-gallery\/technology\/\">TECHNOLOGY<\/a><\/li>\n\t<\/ul>\n<\/li>\n<\/ul>\n<\/li>\n<li class=\"page_item page-item-27917\"><a href=\"https:\/\/imascience.com\/en\/site-map\/\">Site map<\/a><\/li>\n<li class=\"page_item page-item-27586 page_item_has_children\"><a href=\"https:\/\/imascience.com\/en\/realite-virtuelle-medecine\/\">VR Designer<\/a>\n<ul class='children'>\n\t<li class=\"page_item page-item-27624\"><a href=\"https:\/\/imascience.com\/en\/realite-virtuelle-medecine\/virtual-reality-gallery\/\">Virtual reality gallery<\/a><\/li>\n<\/ul>\n<\/li>\n<\/ul>\n<\/div>[\/vc_column_text][\/vc_column][\/vc_row][\/vc_section]<\/p>\n<\/div>","protected":false},"excerpt":{"rendered":"<p>[vc_section bklyn_section_anchor_id=&#8221;About&#8221; el_name=&#8221;Service Section&#8221;][vc_row][vc_column][vc_column_text] Site map [\/vc_column_text][\/vc_column][\/vc_row][vc_row][vc_column][vc_column_text][\/vc_column_text][\/vc_column][\/vc_row][\/vc_section]<\/p>\n","protected":false},"author":2,"featured_media":0,"parent":0,"menu_order":0,"comment_status":"closed","ping_status":"closed","template":"","meta":{"inline_featured_image":false,"footnotes":""},"class_list":["post-27917","page","type-page","status-publish","hentry"],"yoast_head":"<!-- This site is optimized with the Yoast SEO plugin v27.4 - https:\/\/yoast.com\/product\/yoast-seo-wordpress\/ -->\n<title>Animations scientifiques-Studio d\u2019animation 3D ou 2D<\/title>\n<meta name=\"description\" content=\"Animation 3D scientifique et didactique, Motion Design, g\u00e9n\u00e9riques vid\u00e9o. Certainement l&#039;une des fa\u00e7ons les plus appropri\u00e9es pour soutenir la science\" \/>\n<meta name=\"robots\" content=\"index, follow, max-snippet:-1, max-image-preview:large, max-video-preview:-1\" \/>\n<link rel=\"canonical\" href=\"https:\/\/imascience.com\/en\/site-map\/\" \/>\n<meta property=\"og:locale\" content=\"en_US\" \/>\n<meta property=\"og:type\" content=\"article\" \/>\n<meta property=\"og:title\" content=\"Animations scientifiques-Studio d\u2019animation 3D ou 2D\" \/>\n<meta property=\"og:description\" content=\"Animation 3D scientifique et didactique, Motion Design, g\u00e9n\u00e9riques vid\u00e9o. Certainement l&#039;une des fa\u00e7ons les plus appropri\u00e9es pour soutenir la science\" \/>\n<meta property=\"og:url\" content=\"https:\/\/imascience.com\/en\/site-map\/\" \/>\n<meta property=\"og:site_name\" content=\"Imascience\" \/>\n<meta name=\"twitter:card\" content=\"summary_large_image\" \/>\n<meta name=\"twitter:label1\" content=\"Est. reading time\" \/>\n\t<meta name=\"twitter:data1\" content=\"1 minute\" \/>\n<script type=\"application\/ld+json\" class=\"yoast-schema-graph\">{\"@context\":\"https:\\\/\\\/schema.org\",\"@graph\":[{\"@type\":\"WebPage\",\"@id\":\"https:\\\/\\\/imascience.com\\\/en\\\/site-map\\\/\",\"url\":\"https:\\\/\\\/imascience.com\\\/en\\\/site-map\\\/\",\"name\":\"Animations scientifiques-Studio d\u2019animation 3D ou 2D\",\"isPartOf\":{\"@id\":\"https:\\\/\\\/imascience.com\\\/#website\"},\"datePublished\":\"2023-06-22T08:47:51+00:00\",\"description\":\"Animation 3D scientifique et didactique, Motion Design, g\u00e9n\u00e9riques vid\u00e9o. Certainement l'une des fa\u00e7ons les plus appropri\u00e9es pour soutenir la science\",\"breadcrumb\":{\"@id\":\"https:\\\/\\\/imascience.com\\\/en\\\/site-map\\\/#breadcrumb\"},\"inLanguage\":\"en-US\",\"potentialAction\":[{\"@type\":\"ReadAction\",\"target\":[\"https:\\\/\\\/imascience.com\\\/en\\\/site-map\\\/\"]}]},{\"@type\":\"BreadcrumbList\",\"@id\":\"https:\\\/\\\/imascience.com\\\/en\\\/site-map\\\/#breadcrumb\",\"itemListElement\":[{\"@type\":\"ListItem\",\"position\":1,\"name\":\"Accueil\",\"item\":\"https:\\\/\\\/imascience.com\\\/en\\\/\"},{\"@type\":\"ListItem\",\"position\":2,\"name\":\"Site map\"}]},{\"@type\":\"WebSite\",\"@id\":\"https:\\\/\\\/imascience.com\\\/#website\",\"url\":\"https:\\\/\\\/imascience.com\\\/\",\"name\":\"Imascience\",\"description\":\"Vulgarisation scientifique\",\"publisher\":{\"@id\":\"https:\\\/\\\/imascience.com\\\/#organization\"},\"potentialAction\":[{\"@type\":\"SearchAction\",\"target\":{\"@type\":\"EntryPoint\",\"urlTemplate\":\"https:\\\/\\\/imascience.com\\\/?s={search_term_string}\"},\"query-input\":{\"@type\":\"PropertyValueSpecification\",\"valueRequired\":true,\"valueName\":\"search_term_string\"}}],\"inLanguage\":\"en-US\"},{\"@type\":\"Organization\",\"@id\":\"https:\\\/\\\/imascience.com\\\/#organization\",\"name\":\"Imascience\",\"url\":\"https:\\\/\\\/imascience.com\\\/\",\"logo\":{\"@type\":\"ImageObject\",\"inLanguage\":\"en-US\",\"@id\":\"https:\\\/\\\/imascience.com\\\/#\\\/schema\\\/logo\\\/image\\\/\",\"url\":\"https:\\\/\\\/imascience.com\\\/wp-content\\\/uploads\\\/2023\\\/06\\\/logo-orange504.png\",\"contentUrl\":\"https:\\\/\\\/imascience.com\\\/wp-content\\\/uploads\\\/2023\\\/06\\\/logo-orange504.png\",\"width\":504,\"height\":83,\"caption\":\"Imascience\"},\"image\":{\"@id\":\"https:\\\/\\\/imascience.com\\\/#\\\/schema\\\/logo\\\/image\\\/\"},\"sameAs\":[\"https:\\\/\\\/www.linkedin.com\\\/company\\\/imascience\"]}]}<\/script>\n<!-- \/ Yoast SEO plugin. -->","yoast_head_json":{"title":"Animations scientifiques-Studio d\u2019animation 3D ou 2D","description":"Animation 3D scientifique et didactique, Motion Design, g\u00e9n\u00e9riques vid\u00e9o. Certainement l'une des fa\u00e7ons les plus appropri\u00e9es pour soutenir la science","robots":{"index":"index","follow":"follow","max-snippet":"max-snippet:-1","max-image-preview":"max-image-preview:large","max-video-preview":"max-video-preview:-1"},"canonical":"https:\/\/imascience.com\/en\/site-map\/","og_locale":"en_US","og_type":"article","og_title":"Animations scientifiques-Studio d\u2019animation 3D ou 2D","og_description":"Animation 3D scientifique et didactique, Motion Design, g\u00e9n\u00e9riques vid\u00e9o. Certainement l'une des fa\u00e7ons les plus appropri\u00e9es pour soutenir la science","og_url":"https:\/\/imascience.com\/en\/site-map\/","og_site_name":"Imascience","twitter_card":"summary_large_image","twitter_misc":{"Est. reading time":"1 minute"},"schema":{"@context":"https:\/\/schema.org","@graph":[{"@type":"WebPage","@id":"https:\/\/imascience.com\/en\/site-map\/","url":"https:\/\/imascience.com\/en\/site-map\/","name":"Animations scientifiques-Studio d\u2019animation 3D ou 2D","isPartOf":{"@id":"https:\/\/imascience.com\/#website"},"datePublished":"2023-06-22T08:47:51+00:00","description":"Animation 3D scientifique et didactique, Motion Design, g\u00e9n\u00e9riques vid\u00e9o. Certainement l'une des fa\u00e7ons les plus appropri\u00e9es pour soutenir la science","breadcrumb":{"@id":"https:\/\/imascience.com\/en\/site-map\/#breadcrumb"},"inLanguage":"en-US","potentialAction":[{"@type":"ReadAction","target":["https:\/\/imascience.com\/en\/site-map\/"]}]},{"@type":"BreadcrumbList","@id":"https:\/\/imascience.com\/en\/site-map\/#breadcrumb","itemListElement":[{"@type":"ListItem","position":1,"name":"Accueil","item":"https:\/\/imascience.com\/en\/"},{"@type":"ListItem","position":2,"name":"Site map"}]},{"@type":"WebSite","@id":"https:\/\/imascience.com\/#website","url":"https:\/\/imascience.com\/","name":"Imascience","description":"Vulgarisation scientifique","publisher":{"@id":"https:\/\/imascience.com\/#organization"},"potentialAction":[{"@type":"SearchAction","target":{"@type":"EntryPoint","urlTemplate":"https:\/\/imascience.com\/?s={search_term_string}"},"query-input":{"@type":"PropertyValueSpecification","valueRequired":true,"valueName":"search_term_string"}}],"inLanguage":"en-US"},{"@type":"Organization","@id":"https:\/\/imascience.com\/#organization","name":"Imascience","url":"https:\/\/imascience.com\/","logo":{"@type":"ImageObject","inLanguage":"en-US","@id":"https:\/\/imascience.com\/#\/schema\/logo\/image\/","url":"https:\/\/imascience.com\/wp-content\/uploads\/2023\/06\/logo-orange504.png","contentUrl":"https:\/\/imascience.com\/wp-content\/uploads\/2023\/06\/logo-orange504.png","width":504,"height":83,"caption":"Imascience"},"image":{"@id":"https:\/\/imascience.com\/#\/schema\/logo\/image\/"},"sameAs":["https:\/\/www.linkedin.com\/company\/imascience"]}]}},"_links":{"self":[{"href":"https:\/\/imascience.com\/en\/wp-json\/wp\/v2\/pages\/27917","targetHints":{"allow":["GET"]}}],"collection":[{"href":"https:\/\/imascience.com\/en\/wp-json\/wp\/v2\/pages"}],"about":[{"href":"https:\/\/imascience.com\/en\/wp-json\/wp\/v2\/types\/page"}],"author":[{"embeddable":true,"href":"https:\/\/imascience.com\/en\/wp-json\/wp\/v2\/users\/2"}],"replies":[{"embeddable":true,"href":"https:\/\/imascience.com\/en\/wp-json\/wp\/v2\/comments?post=27917"}],"version-history":[{"count":1,"href":"https:\/\/imascience.com\/en\/wp-json\/wp\/v2\/pages\/27917\/revisions"}],"predecessor-version":[{"id":27918,"href":"https:\/\/imascience.com\/en\/wp-json\/wp\/v2\/pages\/27917\/revisions\/27918"}],"wp:attachment":[{"href":"https:\/\/imascience.com\/en\/wp-json\/wp\/v2\/media?parent=27917"}],"curies":[{"name":"wp","href":"https:\/\/api.w.org\/{rel}","templated":true}]}}